{"id":40886,"date":"2025-12-03T22:11:37","date_gmt":"2025-12-03T22:11:37","guid":{"rendered":"https:\/\/ranchandcorral.com\/?page_id=40886"},"modified":"2025-12-03T22:19:33","modified_gmt":"2025-12-03T22:19:33","slug":"nosotros","status":"publish","type":"page","link":"https:\/\/ranchandcorral.com\/index.php\/nosotros\/","title":{"rendered":"Nosotros"},"content":{"rendered":"\t\t<div data-elementor-type=\"wp-page\" data-elementor-id=\"40886\" class=\"elementor elementor-40886\" data-elementor-post-type=\"page\">\n\t\t\t\t\t\t<section class=\"elementor-section elementor-top-section elementor-element elementor-element-4bd38a7 elementor-section-height-full elementor-section-boxed elementor-section-height-default elementor-section-items-middle\" data-id=\"4bd38a7\" data-element_type=\"section\" data-e-type=\"section\" data-settings=\"{&quot;background_background&quot;:&quot;classic&quot;}\">\n\t\t\t\t\t\t<div class=\"elementor-container elementor-column-gap-default\">\n\t\t\t\t\t<div class=\"elementor-column elementor-col-50 elementor-top-column elementor-element elementor-element-947c7dd\" data-id=\"947c7dd\" data-element_type=\"column\" data-e-type=\"column\">\n\t\t\t<div class=\"elementor-widget-wrap elementor-element-populated\">\n\t\t\t\t\t\t<div class=\"elementor-element elementor-element-4172593 elementor-absolute elementor-widget elementor-widget-image\" data-id=\"4172593\" data-element_type=\"widget\" data-e-type=\"widget\" data-settings=\"{&quot;_position&quot;:&quot;absolute&quot;}\" data-widget_type=\"image.default\">\n\t\t\t\t<div class=\"elementor-widget-container\">\n\t\t\t\t\t\t\t\t\t\t\t\t\t\t\t<img fetchpriority=\"high\" decoding=\"async\" width=\"640\" height=\"640\" src=\"https:\/\/ranchandcorral.com\/wp-content\/uploads\/2025\/02\/Sello-min-1024x1024.png\" class=\"attachment-large size-large wp-image-35011\" alt=\"\" srcset=\"https:\/\/ranchandcorral.com\/wp-content\/uploads\/2025\/02\/Sello-min-1024x1024.png 1024w, https:\/\/ranchandcorral.com\/wp-content\/uploads\/2025\/02\/Sello-min-300x300.png 300w, https:\/\/ranchandcorral.com\/wp-content\/uploads\/2025\/02\/Sello-min-150x150.png 150w, https:\/\/ranchandcorral.com\/wp-content\/uploads\/2025\/02\/Sello-min-768x768.png 768w, https:\/\/ranchandcorral.com\/wp-content\/uploads\/2025\/02\/Sello-min-600x600.png 600w, https:\/\/ranchandcorral.com\/wp-content\/uploads\/2025\/02\/Sello-min-100x100.png 100w, https:\/\/ranchandcorral.com\/wp-content\/uploads\/2025\/02\/Sello-min-50x50.png 50w, https:\/\/ranchandcorral.com\/wp-content\/uploads\/2025\/02\/Sello-min.png 1080w\" sizes=\"(max-width: 640px) 100vw, 640px\" data-mwl-img-id=\"35011\" \/>\t\t\t\t\t\t\t\t\t\t\t\t\t\t\t<\/div>\n\t\t\t\t<\/div>\n\t\t\t\t<div class=\"elementor-element elementor-element-c2c5e09 elementor-widget elementor-widget-heading\" data-id=\"c2c5e09\" data-element_type=\"widget\" data-e-type=\"widget\" data-widget_type=\"heading.default\">\n\t\t\t\t<div class=\"elementor-widget-container\">\n\t\t\t\t\t<h1 class=\"elementor-heading-title elementor-size-default\">RANCH &amp; CORRAL<\/h1>\t\t\t\t<\/div>\n\t\t\t\t<\/div>\n\t\t\t\t<div class=\"elementor-element elementor-element-cc76fc3 elementor-widget elementor-widget-heading\" data-id=\"cc76fc3\" data-element_type=\"widget\" data-e-type=\"widget\" data-widget_type=\"heading.default\">\n\t\t\t\t<div class=\"elementor-widget-container\">\n\t\t\t\t\t<h3 class=\"elementor-heading-title elementor-size-default\">Misi\u00f3n<\/h3>\t\t\t\t<\/div>\n\t\t\t\t<\/div>\n\t\t\t\t<div class=\"elementor-element elementor-element-dcdea7a elementor-widget elementor-widget-text-editor\" data-id=\"dcdea7a\" data-element_type=\"widget\" data-e-type=\"widget\" data-widget_type=\"text-editor.default\">\n\t\t\t\t<div class=\"elementor-widget-container\">\n\t\t\t\t\t\t\t\t\t<p>\u00a0<\/p><p dir=\"ltr\" style=\"line-height: 1.7999999999999998; text-align: justify; margin-top: 0pt; margin-bottom: 8pt;\"><span style=\"font-size: 12pt; font-family: 'Century Gothic',sans-serif; color: #000000; background-color: transparent; font-weight: 400; font-style: normal; font-variant: normal; text-decoration: none; vertical-align: baseline; white-space: pre-wrap;\">Desarrollar y ofrecer productos aut\u00e9nticos inspirados en nuestro estilo de vida, que conecten emocionalmente con nuestros clientes y reflejen el orgullo por nuestras costumbres arraigadas a la vida del campo. Nos comprometemos a ofrecer calidad excepcional, atenci\u00f3n personalizada y experiencias \u00fanicas a trav\u00e9s de una red de distribuci\u00f3n creciente, sostenida por alianzas estrat\u00e9gicas y herramientas digitales que nos permiten llevar la esencia del campo a cada rinc\u00f3n del mundo. <\/span><\/p>\t\t\t\t\t\t\t\t<\/div>\n\t\t\t\t<\/div>\n\t\t\t\t\t<\/div>\n\t\t<\/div>\n\t\t\t\t<div class=\"elementor-column elementor-col-50 elementor-top-column elementor-element elementor-element-fd7163c\" data-id=\"fd7163c\" data-element_type=\"column\" data-e-type=\"column\" data-settings=\"{&quot;background_slideshow_gallery&quot;:[{&quot;id&quot;:21490,&quot;url&quot;:&quot;https:\\\/\\\/ranchandcorral.com\\\/wp-content\\\/uploads\\\/2024\\\/08\\\/Foto-Lifestyle-Saltillo-091-min.jpg&quot;},{&quot;id&quot;:21487,&quot;url&quot;:&quot;https:\\\/\\\/ranchandcorral.com\\\/wp-content\\\/uploads\\\/2024\\\/08\\\/Foto-Lifestyle-Saltillo-047-min.jpg&quot;},{&quot;id&quot;:21489,&quot;url&quot;:&quot;https:\\\/\\\/ranchandcorral.com\\\/wp-content\\\/uploads\\\/2024\\\/08\\\/Foto-Lifestyle-Saltillo-060-min.jpg&quot;},{&quot;id&quot;:21484,&quot;url&quot;:&quot;https:\\\/\\\/ranchandcorral.com\\\/wp-content\\\/uploads\\\/2024\\\/08\\\/Foto-Lifestyle-Saltillo-036-min.jpg&quot;},{&quot;id&quot;:21488,&quot;url&quot;:&quot;https:\\\/\\\/ranchandcorral.com\\\/wp-content\\\/uploads\\\/2024\\\/08\\\/Foto-Lifestyle-Saltillo-053-min.jpg&quot;},{&quot;id&quot;:21485,&quot;url&quot;:&quot;https:\\\/\\\/ranchandcorral.com\\\/wp-content\\\/uploads\\\/2024\\\/08\\\/Foto-Lifestyle-Saltillo-037-1-min.jpg&quot;}],&quot;background_background&quot;:&quot;slideshow&quot;,&quot;background_slideshow_loop&quot;:&quot;yes&quot;,&quot;background_slideshow_slide_duration&quot;:5000,&quot;background_slideshow_slide_transition&quot;:&quot;fade&quot;,&quot;background_slideshow_transition_duration&quot;:500}\">\n\t\t\t<div class=\"elementor-widget-wrap elementor-element-populated\">\n\t\t\t\t\t\t<div class=\"elementor-element elementor-element-dc7d4df elementor-widget elementor-widget-spacer\" data-id=\"dc7d4df\" data-element_type=\"widget\" data-e-type=\"widget\" data-widget_type=\"spacer.default\">\n\t\t\t\t<div class=\"elementor-widget-container\">\n\t\t\t\t\t\t\t<div class=\"elementor-spacer\">\n\t\t\t<div class=\"elementor-spacer-inner\"><\/div>\n\t\t<\/div>\n\t\t\t\t\t\t<\/div>\n\t\t\t\t<\/div>\n\t\t\t\t\t<\/div>\n\t\t<\/div>\n\t\t\t\t\t<\/div>\n\t\t<\/section>\n\t\t\t\t<section class=\"elementor-section elementor-top-section elementor-element elementor-element-1084955 elementor-section-height-full elementor-reverse-mobile elementor-reverse-tablet elementor-section-boxed elementor-section-height-default elementor-section-items-middle\" data-id=\"1084955\" data-element_type=\"section\" data-e-type=\"section\" data-settings=\"{&quot;background_background&quot;:&quot;classic&quot;}\">\n\t\t\t\t\t\t<div class=\"elementor-container elementor-column-gap-default\">\n\t\t\t\t\t<div class=\"elementor-column elementor-col-50 elementor-top-column elementor-element elementor-element-6fb1e81\" data-id=\"6fb1e81\" data-element_type=\"column\" data-e-type=\"column\" data-settings=\"{&quot;background_slideshow_gallery&quot;:[{&quot;id&quot;:21496,&quot;url&quot;:&quot;https:\\\/\\\/ranchandcorral.com\\\/wp-content\\\/uploads\\\/2024\\\/08\\\/Ranch-And-Corral-ll-SMA-fotos-003-min.jpg&quot;},{&quot;id&quot;:21497,&quot;url&quot;:&quot;https:\\\/\\\/ranchandcorral.com\\\/wp-content\\\/uploads\\\/2024\\\/08\\\/Ranch-And-Corral-ll-SMA-fotos-011-min.jpg&quot;},{&quot;id&quot;:21491,&quot;url&quot;:&quot;https:\\\/\\\/ranchandcorral.com\\\/wp-content\\\/uploads\\\/2024\\\/08\\\/Lifestyle-RC-min.jpg&quot;},{&quot;id&quot;:21493,&quot;url&quot;:&quot;https:\\\/\\\/ranchandcorral.com\\\/wp-content\\\/uploads\\\/2024\\\/08\\\/Lifestyle-RC1-min.jpg&quot;},{&quot;id&quot;:21494,&quot;url&quot;:&quot;https:\\\/\\\/ranchandcorral.com\\\/wp-content\\\/uploads\\\/2024\\\/08\\\/Lifestyle-RC2-min.jpg&quot;},{&quot;id&quot;:21492,&quot;url&quot;:&quot;https:\\\/\\\/ranchandcorral.com\\\/wp-content\\\/uploads\\\/2024\\\/08\\\/Lifestyle-RC-min-1.jpg&quot;}],&quot;background_background&quot;:&quot;slideshow&quot;,&quot;background_slideshow_loop&quot;:&quot;yes&quot;,&quot;background_slideshow_slide_duration&quot;:5000,&quot;background_slideshow_slide_transition&quot;:&quot;fade&quot;,&quot;background_slideshow_transition_duration&quot;:500}\">\n\t\t\t<div class=\"elementor-widget-wrap elementor-element-populated\">\n\t\t\t\t\t\t<div class=\"elementor-element elementor-element-1afdd8c elementor-widget elementor-widget-spacer\" data-id=\"1afdd8c\" data-element_type=\"widget\" data-e-type=\"widget\" data-widget_type=\"spacer.default\">\n\t\t\t\t<div class=\"elementor-widget-container\">\n\t\t\t\t\t\t\t<div class=\"elementor-spacer\">\n\t\t\t<div class=\"elementor-spacer-inner\"><\/div>\n\t\t<\/div>\n\t\t\t\t\t\t<\/div>\n\t\t\t\t<\/div>\n\t\t\t\t\t<\/div>\n\t\t<\/div>\n\t\t\t\t<div class=\"elementor-column elementor-col-50 elementor-top-column elementor-element elementor-element-4e5d327\" data-id=\"4e5d327\" data-element_type=\"column\" data-e-type=\"column\">\n\t\t\t<div class=\"elementor-widget-wrap elementor-element-populated\">\n\t\t\t\t\t\t<div class=\"elementor-element elementor-element-c3c3fb2 elementor-widget elementor-widget-heading\" data-id=\"c3c3fb2\" data-element_type=\"widget\" data-e-type=\"widget\" data-widget_type=\"heading.default\">\n\t\t\t\t<div class=\"elementor-widget-container\">\n\t\t\t\t\t<h1 class=\"elementor-heading-title elementor-size-default\">RANCH &amp; CORRAL<\/h1>\t\t\t\t<\/div>\n\t\t\t\t<\/div>\n\t\t\t\t<div class=\"elementor-element elementor-element-f166f08 elementor-widget elementor-widget-heading\" data-id=\"f166f08\" data-element_type=\"widget\" data-e-type=\"widget\" data-widget_type=\"heading.default\">\n\t\t\t\t<div class=\"elementor-widget-container\">\n\t\t\t\t\t<h3 class=\"elementor-heading-title elementor-size-default\">Visi\u00f3n<\/h3>\t\t\t\t<\/div>\n\t\t\t\t<\/div>\n\t\t\t\t<div class=\"elementor-element elementor-element-e982dac elementor-absolute elementor-hidden-tablet elementor-widget elementor-widget-image\" data-id=\"e982dac\" data-element_type=\"widget\" data-e-type=\"widget\" data-settings=\"{&quot;_position&quot;:&quot;absolute&quot;}\" data-widget_type=\"image.default\">\n\t\t\t\t<div class=\"elementor-widget-container\">\n\t\t\t\t\t\t\t\t\t\t\t\t\t\t\t<img fetchpriority=\"high\" decoding=\"async\" width=\"640\" height=\"640\" src=\"https:\/\/ranchandcorral.com\/wp-content\/uploads\/2025\/02\/Sello-min-1024x1024.png\" class=\"attachment-large size-large wp-image-35011\" alt=\"\" srcset=\"https:\/\/ranchandcorral.com\/wp-content\/uploads\/2025\/02\/Sello-min-1024x1024.png 1024w, https:\/\/ranchandcorral.com\/wp-content\/uploads\/2025\/02\/Sello-min-300x300.png 300w, https:\/\/ranchandcorral.com\/wp-content\/uploads\/2025\/02\/Sello-min-150x150.png 150w, https:\/\/ranchandcorral.com\/wp-content\/uploads\/2025\/02\/Sello-min-768x768.png 768w, https:\/\/ranchandcorral.com\/wp-content\/uploads\/2025\/02\/Sello-min-600x600.png 600w, https:\/\/ranchandcorral.com\/wp-content\/uploads\/2025\/02\/Sello-min-100x100.png 100w, https:\/\/ranchandcorral.com\/wp-content\/uploads\/2025\/02\/Sello-min-50x50.png 50w, https:\/\/ranchandcorral.com\/wp-content\/uploads\/2025\/02\/Sello-min.png 1080w\" sizes=\"(max-width: 640px) 100vw, 640px\" data-mwl-img-id=\"35011\" \/>\t\t\t\t\t\t\t\t\t\t\t\t\t\t\t<\/div>\n\t\t\t\t<\/div>\n\t\t\t\t<div class=\"elementor-element elementor-element-27b6fe1 elementor-widget elementor-widget-text-editor\" data-id=\"27b6fe1\" data-element_type=\"widget\" data-e-type=\"widget\" data-widget_type=\"text-editor.default\">\n\t\t\t\t<div class=\"elementor-widget-container\">\n\t\t\t\t\t\t\t\t\t<p>\u00a0<\/p><p dir=\"ltr\" style=\"line-height: 1.7999999999999998; text-align: justify; margin-top: 0pt; margin-bottom: 8pt;\"><span style=\"font-size: 12pt; font-family: 'Century Gothic',sans-serif; color: #000000; background-color: transparent; font-weight: 400; font-style: normal; font-variant: normal; text-decoration: none; vertical-align: baseline; white-space: pre-wrap;\">Ser la referencia internacional como marca western por su innovaci\u00f3n, autenticidad y compromiso con la excelencia. Aspiramos a consolidar una plataforma global que combine tradici\u00f3n y tecnolog\u00eda, impulsando la expansi\u00f3n continua de nuestra presencia en nuevos mercados, fortaleciendo alianzas estrat\u00e9gicas y promoviendo una cultura empresarial orientada a la mejora continua y la sostenibilidad.<\/span><\/p>\t\t\t\t\t\t\t\t<\/div>\n\t\t\t\t<\/div>\n\t\t\t\t\t<\/div>\n\t\t<\/div>\n\t\t\t\t\t<\/div>\n\t\t<\/section>\n\t\t\t\t<section class=\"elementor-section elementor-top-section elementor-element elementor-element-65b683e elementor-section-height-full elementor-section-boxed elementor-section-height-default elementor-section-items-middle\" data-id=\"65b683e\" data-element_type=\"section\" data-e-type=\"section\" data-settings=\"{&quot;background_background&quot;:&quot;classic&quot;}\">\n\t\t\t\t\t\t<div class=\"elementor-container elementor-column-gap-default\">\n\t\t\t\t\t<div class=\"elementor-column elementor-col-50 elementor-top-column elementor-element elementor-element-55cdcf5\" data-id=\"55cdcf5\" data-element_type=\"column\" data-e-type=\"column\">\n\t\t\t<div class=\"elementor-widget-wrap elementor-element-populated\">\n\t\t\t\t\t\t<div class=\"elementor-element elementor-element-3f75141 elementor-widget elementor-widget-heading\" data-id=\"3f75141\" data-element_type=\"widget\" data-e-type=\"widget\" data-widget_type=\"heading.default\">\n\t\t\t\t<div class=\"elementor-widget-container\">\n\t\t\t\t\t<h1 class=\"elementor-heading-title elementor-size-default\">RANCH &amp; CORRAL<\/h1>\t\t\t\t<\/div>\n\t\t\t\t<\/div>\n\t\t\t\t<div class=\"elementor-element elementor-element-057e5d6 elementor-widget elementor-widget-heading\" data-id=\"057e5d6\" data-element_type=\"widget\" data-e-type=\"widget\" data-widget_type=\"heading.default\">\n\t\t\t\t<div class=\"elementor-widget-container\">\n\t\t\t\t\t<h3 class=\"elementor-heading-title elementor-size-default\">Valores<\/h3>\t\t\t\t<\/div>\n\t\t\t\t<\/div>\n\t\t\t\t<div class=\"elementor-element elementor-element-80e543d elementor-absolute elementor-hidden-tablet elementor-widget elementor-widget-image\" data-id=\"80e543d\" data-element_type=\"widget\" data-e-type=\"widget\" data-settings=\"{&quot;_position&quot;:&quot;absolute&quot;}\" data-widget_type=\"image.default\">\n\t\t\t\t<div class=\"elementor-widget-container\">\n\t\t\t\t\t\t\t\t\t\t\t\t\t\t\t<img fetchpriority=\"high\" decoding=\"async\" width=\"640\" height=\"640\" src=\"https:\/\/ranchandcorral.com\/wp-content\/uploads\/2025\/02\/Sello-min-1024x1024.png\" class=\"attachment-large size-large wp-image-35011\" alt=\"\" srcset=\"https:\/\/ranchandcorral.com\/wp-content\/uploads\/2025\/02\/Sello-min-1024x1024.png 1024w, https:\/\/ranchandcorral.com\/wp-content\/uploads\/2025\/02\/Sello-min-300x300.png 300w, https:\/\/ranchandcorral.com\/wp-content\/uploads\/2025\/02\/Sello-min-150x150.png 150w, https:\/\/ranchandcorral.com\/wp-content\/uploads\/2025\/02\/Sello-min-768x768.png 768w, https:\/\/ranchandcorral.com\/wp-content\/uploads\/2025\/02\/Sello-min-600x600.png 600w, https:\/\/ranchandcorral.com\/wp-content\/uploads\/2025\/02\/Sello-min-100x100.png 100w, https:\/\/ranchandcorral.com\/wp-content\/uploads\/2025\/02\/Sello-min-50x50.png 50w, https:\/\/ranchandcorral.com\/wp-content\/uploads\/2025\/02\/Sello-min.png 1080w\" sizes=\"(max-width: 640px) 100vw, 640px\" data-mwl-img-id=\"35011\" \/>\t\t\t\t\t\t\t\t\t\t\t\t\t\t\t<\/div>\n\t\t\t\t<\/div>\n\t\t\t\t<div class=\"elementor-element elementor-element-658705b elementor-widget elementor-widget-text-editor\" data-id=\"658705b\" data-element_type=\"widget\" data-e-type=\"widget\" data-widget_type=\"text-editor.default\">\n\t\t\t\t<div class=\"elementor-widget-container\">\n\t\t\t\t\t\t\t\t\t<ul><li style=\"font-weight: 400;\" aria-level=\"1\"><span style=\"font-weight: 400;\">Colaboraci\u00f3n<\/span><\/li><li style=\"font-weight: 400;\" aria-level=\"1\"><span style=\"font-weight: 400;\">Compromiso<\/span><\/li><li style=\"font-weight: 400;\" aria-level=\"1\"><span style=\"font-weight: 400;\">Innovaci\u00f3n\u00a0<\/span><\/li><li style=\"font-weight: 400;\" aria-level=\"1\"><span style=\"font-weight: 400;\">Autenticidad<\/span><\/li><li style=\"font-weight: 400;\" aria-level=\"1\"><span style=\"font-weight: 400;\">Pasi\u00f3n<\/span><\/li><li style=\"font-weight: 400;\" aria-level=\"1\"><span style=\"font-weight: 400;\">Responsabilidad social y ambiental<\/span><\/li><li style=\"font-weight: 400;\" aria-level=\"1\"><span style=\"font-weight: 400;\">Desarrollo continuo de nuestros socios comerciales y colaboradores<\/span><\/li><li style=\"font-weight: 400;\" aria-level=\"1\"><span style=\"font-weight: 400;\">Mejora continua<\/span><\/li><\/ul>\t\t\t\t\t\t\t\t<\/div>\n\t\t\t\t<\/div>\n\t\t\t\t\t<\/div>\n\t\t<\/div>\n\t\t\t\t<div class=\"elementor-column elementor-col-50 elementor-top-column elementor-element elementor-element-ef6a861\" data-id=\"ef6a861\" data-element_type=\"column\" data-e-type=\"column\" data-settings=\"{&quot;background_slideshow_gallery&quot;:[{&quot;id&quot;:21495,&quot;url&quot;:&quot;https:\\\/\\\/ranchandcorral.com\\\/wp-content\\\/uploads\\\/2024\\\/08\\\/Lifestyle-RC3-min.jpg&quot;},{&quot;id&quot;:21483,&quot;url&quot;:&quot;https:\\\/\\\/ranchandcorral.com\\\/wp-content\\\/uploads\\\/2024\\\/08\\\/2.0-Ranch-And-Corral-Tapalpa-05-min.jpg&quot;},{&quot;id&quot;:21482,&quot;url&quot;:&quot;https:\\\/\\\/ranchandcorral.com\\\/wp-content\\\/uploads\\\/2024\\\/08\\\/1.0-Ranch-And-Corral-Tapalpa-020-min.jpg&quot;},{&quot;id&quot;:21500,&quot;url&quot;:&quot;https:\\\/\\\/ranchandcorral.com\\\/wp-content\\\/uploads\\\/2024\\\/08\\\/Ranch-and-Corral-ll-SMA-Fotos-294-min.jpg&quot;},{&quot;id&quot;:34824,&quot;url&quot;:&quot;https:\\\/\\\/ranchandcorral.com\\\/wp-content\\\/uploads\\\/2025\\\/02\\\/Ranch-And-Corral-Life-435-min.jpg&quot;},{&quot;id&quot;:34825,&quot;url&quot;:&quot;https:\\\/\\\/ranchandcorral.com\\\/wp-content\\\/uploads\\\/2025\\\/02\\\/Ranch-And-Corral-Life-521-min.jpg&quot;},{&quot;id&quot;:34826,&quot;url&quot;:&quot;https:\\\/\\\/ranchandcorral.com\\\/wp-content\\\/uploads\\\/2025\\\/02\\\/Ranch-And-Corral-Life-539-min.jpg&quot;},{&quot;id&quot;:34827,&quot;url&quot;:&quot;https:\\\/\\\/ranchandcorral.com\\\/wp-content\\\/uploads\\\/2025\\\/02\\\/Ranch-And-Corral-Life-569-min.jpg&quot;}],&quot;background_background&quot;:&quot;slideshow&quot;,&quot;background_slideshow_loop&quot;:&quot;yes&quot;,&quot;background_slideshow_slide_duration&quot;:5000,&quot;background_slideshow_slide_transition&quot;:&quot;fade&quot;,&quot;background_slideshow_transition_duration&quot;:500}\">\n\t\t\t<div class=\"elementor-widget-wrap elementor-element-populated\">\n\t\t\t\t\t\t<div class=\"elementor-element elementor-element-98df122 elementor-widget elementor-widget-spacer\" data-id=\"98df122\" data-element_type=\"widget\" data-e-type=\"widget\" data-widget_type=\"spacer.default\">\n\t\t\t\t<div class=\"elementor-widget-container\">\n\t\t\t\t\t\t\t<div class=\"elementor-spacer\">\n\t\t\t<div class=\"elementor-spacer-inner\"><\/div>\n\t\t<\/div>\n\t\t\t\t\t\t<\/div>\n\t\t\t\t<\/div>\n\t\t\t\t\t<\/div>\n\t\t<\/div>\n\t\t\t\t\t<\/div>\n\t\t<\/section>\n\t\t\t\t<\/div>\n\t\t","protected":false},"excerpt":{"rendered":"<p>RANCH &amp; CORRAL Misi\u00f3n \u00a0 Desarrollar y ofrecer productos aut\u00e9nticos inspirados en nuestro estilo de vida, que conecten emocionalmente con nuestros clientes y reflejen el orgullo por nuestras costumbres arraigadas a la vida del campo. Nos comprometemos a ofrecer calidad excepcional, atenci\u00f3n personalizada y experiencias \u00fanicas a trav\u00e9s de una red de distribuci\u00f3n creciente, sostenida [&hellip;]<\/p>\n","protected":false},"author":3,"featured_media":0,"parent":0,"menu_order":0,"comment_status":"closed","ping_status":"closed","template":"elementor_header_footer","meta":{"footnotes":""},"class_list":["post-40886","page","type-page","status-publish","hentry"],"jetpack_sharing_enabled":true,"_links":{"self":[{"href":"https:\/\/ranchandcorral.com\/index.php\/wp-json\/wp\/v2\/pages\/40886","targetHints":{"allow":["GET"]}}],"collection":[{"href":"https:\/\/ranchandcorral.com\/index.php\/wp-json\/wp\/v2\/pages"}],"about":[{"href":"https:\/\/ranchandcorral.com\/index.php\/wp-json\/wp\/v2\/types\/page"}],"author":[{"embeddable":true,"href":"https:\/\/ranchandcorral.com\/index.php\/wp-json\/wp\/v2\/users\/3"}],"replies":[{"embeddable":true,"href":"https:\/\/ranchandcorral.com\/index.php\/wp-json\/wp\/v2\/comments?post=40886"}],"version-history":[{"count":4,"href":"https:\/\/ranchandcorral.com\/index.php\/wp-json\/wp\/v2\/pages\/40886\/revisions"}],"predecessor-version":[{"id":40891,"href":"https:\/\/ranchandcorral.com\/index.php\/wp-json\/wp\/v2\/pages\/40886\/revisions\/40891"}],"wp:attachment":[{"href":"https:\/\/ranchandcorral.com\/index.php\/wp-json\/wp\/v2\/media?parent=40886"}],"curies":[{"name":"wp","href":"https:\/\/api.w.org\/{rel}","templated":true}]}}