{"id":20247,"date":"2024-07-16T20:47:49","date_gmt":"2024-07-16T20:47:49","guid":{"rendered":"https:\/\/ranchandcorral.com\/?page_id=20247"},"modified":"2025-02-25T21:44:50","modified_gmt":"2025-02-25T21:44:50","slug":"historia-2","status":"publish","type":"page","link":"https:\/\/ranchandcorral.com\/index.php\/historia-2\/","title":{"rendered":"Historia"},"content":{"rendered":"\t\t<div data-elementor-type=\"wp-page\" data-elementor-id=\"20247\" class=\"elementor elementor-20247\" data-elementor-post-type=\"page\">\n\t\t\t\t\t\t<section class=\"elementor-section elementor-top-section elementor-element elementor-element-357ac5d elementor-section-height-full elementor-section-boxed elementor-section-height-default elementor-section-items-middle\" data-id=\"357ac5d\" data-element_type=\"section\" data-e-type=\"section\" data-settings=\"{&quot;background_background&quot;:&quot;classic&quot;}\">\n\t\t\t\t\t\t<div class=\"elementor-container elementor-column-gap-default\">\n\t\t\t\t\t<div class=\"elementor-column elementor-col-50 elementor-top-column elementor-element elementor-element-7b0aa17\" data-id=\"7b0aa17\" data-element_type=\"column\" data-e-type=\"column\">\n\t\t\t<div class=\"elementor-widget-wrap elementor-element-populated\">\n\t\t\t\t\t\t<div class=\"elementor-element elementor-element-92304b9 elementor-absolute elementor-widget elementor-widget-image\" data-id=\"92304b9\" data-element_type=\"widget\" data-e-type=\"widget\" data-settings=\"{&quot;_position&quot;:&quot;absolute&quot;}\" data-widget_type=\"image.default\">\n\t\t\t\t<div class=\"elementor-widget-container\">\n\t\t\t\t\t\t\t\t\t\t\t\t\t\t\t<img fetchpriority=\"high\" decoding=\"async\" width=\"640\" height=\"640\" src=\"https:\/\/ranchandcorral.com\/wp-content\/uploads\/2025\/02\/Sello-min-1024x1024.png\" class=\"attachment-large size-large wp-image-35011\" alt=\"\" srcset=\"https:\/\/ranchandcorral.com\/wp-content\/uploads\/2025\/02\/Sello-min-1024x1024.png 1024w, https:\/\/ranchandcorral.com\/wp-content\/uploads\/2025\/02\/Sello-min-300x300.png 300w, https:\/\/ranchandcorral.com\/wp-content\/uploads\/2025\/02\/Sello-min-150x150.png 150w, https:\/\/ranchandcorral.com\/wp-content\/uploads\/2025\/02\/Sello-min-768x768.png 768w, https:\/\/ranchandcorral.com\/wp-content\/uploads\/2025\/02\/Sello-min-600x600.png 600w, https:\/\/ranchandcorral.com\/wp-content\/uploads\/2025\/02\/Sello-min-100x100.png 100w, https:\/\/ranchandcorral.com\/wp-content\/uploads\/2025\/02\/Sello-min-50x50.png 50w, https:\/\/ranchandcorral.com\/wp-content\/uploads\/2025\/02\/Sello-min.png 1080w\" sizes=\"(max-width: 640px) 100vw, 640px\" data-mwl-img-id=\"35011\" \/>\t\t\t\t\t\t\t\t\t\t\t\t\t\t\t<\/div>\n\t\t\t\t<\/div>\n\t\t\t\t<div class=\"elementor-element elementor-element-d93409e elementor-widget elementor-widget-heading\" data-id=\"d93409e\" data-element_type=\"widget\" data-e-type=\"widget\" data-widget_type=\"heading.default\">\n\t\t\t\t<div class=\"elementor-widget-container\">\n\t\t\t\t\t<h3 class=\"elementor-heading-title elementor-size-default\">Nosotros<\/h3>\t\t\t\t<\/div>\n\t\t\t\t<\/div>\n\t\t\t\t<div class=\"elementor-element elementor-element-406c94a elementor-widget elementor-widget-heading\" data-id=\"406c94a\" data-element_type=\"widget\" data-e-type=\"widget\" data-widget_type=\"heading.default\">\n\t\t\t\t<div class=\"elementor-widget-container\">\n\t\t\t\t\t<h1 class=\"elementor-heading-title elementor-size-default\">RANCH &amp; CORRAL<\/h1>\t\t\t\t<\/div>\n\t\t\t\t<\/div>\n\t\t\t\t<div class=\"elementor-element elementor-element-bb82dc9 elementor-widget elementor-widget-text-editor\" data-id=\"bb82dc9\" data-element_type=\"widget\" data-e-type=\"widget\" data-widget_type=\"text-editor.default\">\n\t\t\t\t<div class=\"elementor-widget-container\">\n\t\t\t\t\t\t\t\t\t<p>Nuestra historia inicia con una pasi\u00f3n inquebrantable por los caballos y la vida del rancho. En enero del 2020, en un mundo lleno de adversidades, nuestro fundador decidi\u00f3 transformar 25 a\u00f1os de experiencia en la fabricaci\u00f3n de gorras de la mejor calidad en algo mucho m\u00e1s grande: un homenaje al estilo de vida western. Inspirado por la convicci\u00f3n de que emprender con pasi\u00f3n en lo que amas siempre lleva al \u00e9xito, as\u00ed naci\u00f3 Ranch &amp; Corral.<\/p>\t\t\t\t\t\t\t\t<\/div>\n\t\t\t\t<\/div>\n\t\t\t\t\t<\/div>\n\t\t<\/div>\n\t\t\t\t<div class=\"elementor-column elementor-col-50 elementor-top-column elementor-element elementor-element-028bc04\" data-id=\"028bc04\" data-element_type=\"column\" data-e-type=\"column\" data-settings=\"{&quot;background_slideshow_gallery&quot;:[{&quot;id&quot;:21490,&quot;url&quot;:&quot;https:\\\/\\\/ranchandcorral.com\\\/wp-content\\\/uploads\\\/2024\\\/08\\\/Foto-Lifestyle-Saltillo-091-min.jpg&quot;},{&quot;id&quot;:21487,&quot;url&quot;:&quot;https:\\\/\\\/ranchandcorral.com\\\/wp-content\\\/uploads\\\/2024\\\/08\\\/Foto-Lifestyle-Saltillo-047-min.jpg&quot;},{&quot;id&quot;:21489,&quot;url&quot;:&quot;https:\\\/\\\/ranchandcorral.com\\\/wp-content\\\/uploads\\\/2024\\\/08\\\/Foto-Lifestyle-Saltillo-060-min.jpg&quot;},{&quot;id&quot;:21484,&quot;url&quot;:&quot;https:\\\/\\\/ranchandcorral.com\\\/wp-content\\\/uploads\\\/2024\\\/08\\\/Foto-Lifestyle-Saltillo-036-min.jpg&quot;},{&quot;id&quot;:21488,&quot;url&quot;:&quot;https:\\\/\\\/ranchandcorral.com\\\/wp-content\\\/uploads\\\/2024\\\/08\\\/Foto-Lifestyle-Saltillo-053-min.jpg&quot;},{&quot;id&quot;:21485,&quot;url&quot;:&quot;https:\\\/\\\/ranchandcorral.com\\\/wp-content\\\/uploads\\\/2024\\\/08\\\/Foto-Lifestyle-Saltillo-037-1-min.jpg&quot;}],&quot;background_background&quot;:&quot;slideshow&quot;,&quot;background_slideshow_loop&quot;:&quot;yes&quot;,&quot;background_slideshow_slide_duration&quot;:5000,&quot;background_slideshow_slide_transition&quot;:&quot;fade&quot;,&quot;background_slideshow_transition_duration&quot;:500}\">\n\t\t\t<div class=\"elementor-widget-wrap elementor-element-populated\">\n\t\t\t\t\t\t<div class=\"elementor-element elementor-element-99fc075 elementor-widget elementor-widget-spacer\" data-id=\"99fc075\" data-element_type=\"widget\" data-e-type=\"widget\" data-widget_type=\"spacer.default\">\n\t\t\t\t<div class=\"elementor-widget-container\">\n\t\t\t\t\t\t\t<div class=\"elementor-spacer\">\n\t\t\t<div class=\"elementor-spacer-inner\"><\/div>\n\t\t<\/div>\n\t\t\t\t\t\t<\/div>\n\t\t\t\t<\/div>\n\t\t\t\t\t<\/div>\n\t\t<\/div>\n\t\t\t\t\t<\/div>\n\t\t<\/section>\n\t\t\t\t<section class=\"elementor-section elementor-top-section elementor-element elementor-element-7d5be45 elementor-section-height-full elementor-reverse-mobile elementor-reverse-tablet elementor-section-boxed elementor-section-height-default elementor-section-items-middle\" data-id=\"7d5be45\" data-element_type=\"section\" data-e-type=\"section\" data-settings=\"{&quot;background_background&quot;:&quot;classic&quot;}\">\n\t\t\t\t\t\t<div class=\"elementor-container elementor-column-gap-default\">\n\t\t\t\t\t<div class=\"elementor-column elementor-col-50 elementor-top-column elementor-element elementor-element-f3c2b5d\" data-id=\"f3c2b5d\" data-element_type=\"column\" data-e-type=\"column\" data-settings=\"{&quot;background_slideshow_gallery&quot;:[{&quot;id&quot;:21496,&quot;url&quot;:&quot;https:\\\/\\\/ranchandcorral.com\\\/wp-content\\\/uploads\\\/2024\\\/08\\\/Ranch-And-Corral-ll-SMA-fotos-003-min.jpg&quot;},{&quot;id&quot;:21497,&quot;url&quot;:&quot;https:\\\/\\\/ranchandcorral.com\\\/wp-content\\\/uploads\\\/2024\\\/08\\\/Ranch-And-Corral-ll-SMA-fotos-011-min.jpg&quot;},{&quot;id&quot;:21491,&quot;url&quot;:&quot;https:\\\/\\\/ranchandcorral.com\\\/wp-content\\\/uploads\\\/2024\\\/08\\\/Lifestyle-RC-min.jpg&quot;},{&quot;id&quot;:21493,&quot;url&quot;:&quot;https:\\\/\\\/ranchandcorral.com\\\/wp-content\\\/uploads\\\/2024\\\/08\\\/Lifestyle-RC1-min.jpg&quot;},{&quot;id&quot;:21494,&quot;url&quot;:&quot;https:\\\/\\\/ranchandcorral.com\\\/wp-content\\\/uploads\\\/2024\\\/08\\\/Lifestyle-RC2-min.jpg&quot;},{&quot;id&quot;:21492,&quot;url&quot;:&quot;https:\\\/\\\/ranchandcorral.com\\\/wp-content\\\/uploads\\\/2024\\\/08\\\/Lifestyle-RC-min-1.jpg&quot;}],&quot;background_background&quot;:&quot;slideshow&quot;,&quot;background_slideshow_loop&quot;:&quot;yes&quot;,&quot;background_slideshow_slide_duration&quot;:5000,&quot;background_slideshow_slide_transition&quot;:&quot;fade&quot;,&quot;background_slideshow_transition_duration&quot;:500}\">\n\t\t\t<div class=\"elementor-widget-wrap elementor-element-populated\">\n\t\t\t\t\t\t<div class=\"elementor-element elementor-element-420f861 elementor-widget elementor-widget-spacer\" data-id=\"420f861\" data-element_type=\"widget\" data-e-type=\"widget\" data-widget_type=\"spacer.default\">\n\t\t\t\t<div class=\"elementor-widget-container\">\n\t\t\t\t\t\t\t<div class=\"elementor-spacer\">\n\t\t\t<div class=\"elementor-spacer-inner\"><\/div>\n\t\t<\/div>\n\t\t\t\t\t\t<\/div>\n\t\t\t\t<\/div>\n\t\t\t\t\t<\/div>\n\t\t<\/div>\n\t\t\t\t<div class=\"elementor-column elementor-col-50 elementor-top-column elementor-element elementor-element-229033d\" data-id=\"229033d\" data-element_type=\"column\" data-e-type=\"column\">\n\t\t\t<div class=\"elementor-widget-wrap elementor-element-populated\">\n\t\t\t\t\t\t<div class=\"elementor-element elementor-element-a734600 elementor-widget elementor-widget-heading\" data-id=\"a734600\" data-element_type=\"widget\" data-e-type=\"widget\" data-widget_type=\"heading.default\">\n\t\t\t\t<div class=\"elementor-widget-container\">\n\t\t\t\t\t<h1 class=\"elementor-heading-title elementor-size-default\">RANCH &amp; CORRAL<\/h1>\t\t\t\t<\/div>\n\t\t\t\t<\/div>\n\t\t\t\t<div class=\"elementor-element elementor-element-7ed4c75 elementor-absolute elementor-hidden-tablet elementor-widget elementor-widget-image\" data-id=\"7ed4c75\" data-element_type=\"widget\" data-e-type=\"widget\" data-settings=\"{&quot;_position&quot;:&quot;absolute&quot;}\" data-widget_type=\"image.default\">\n\t\t\t\t<div class=\"elementor-widget-container\">\n\t\t\t\t\t\t\t\t\t\t\t\t\t\t\t<img fetchpriority=\"high\" decoding=\"async\" width=\"640\" height=\"640\" src=\"https:\/\/ranchandcorral.com\/wp-content\/uploads\/2025\/02\/Sello-min-1024x1024.png\" class=\"attachment-large size-large wp-image-35011\" alt=\"\" srcset=\"https:\/\/ranchandcorral.com\/wp-content\/uploads\/2025\/02\/Sello-min-1024x1024.png 1024w, https:\/\/ranchandcorral.com\/wp-content\/uploads\/2025\/02\/Sello-min-300x300.png 300w, https:\/\/ranchandcorral.com\/wp-content\/uploads\/2025\/02\/Sello-min-150x150.png 150w, https:\/\/ranchandcorral.com\/wp-content\/uploads\/2025\/02\/Sello-min-768x768.png 768w, https:\/\/ranchandcorral.com\/wp-content\/uploads\/2025\/02\/Sello-min-600x600.png 600w, https:\/\/ranchandcorral.com\/wp-content\/uploads\/2025\/02\/Sello-min-100x100.png 100w, https:\/\/ranchandcorral.com\/wp-content\/uploads\/2025\/02\/Sello-min-50x50.png 50w, https:\/\/ranchandcorral.com\/wp-content\/uploads\/2025\/02\/Sello-min.png 1080w\" sizes=\"(max-width: 640px) 100vw, 640px\" data-mwl-img-id=\"35011\" \/>\t\t\t\t\t\t\t\t\t\t\t\t\t\t\t<\/div>\n\t\t\t\t<\/div>\n\t\t\t\t<div class=\"elementor-element elementor-element-bbbbe33 elementor-widget elementor-widget-text-editor\" data-id=\"bbbbe33\" data-element_type=\"widget\" data-e-type=\"widget\" data-widget_type=\"text-editor.default\">\n\t\t\t\t<div class=\"elementor-widget-container\">\n\t\t\t\t\t\t\t\t\t<p>Somos una marca mexicana con el firme compromiso de ofrecer productos que reflejan el alma del campo: el trabajo duro bajo el sol, un paseo a caballo y el sabor inigualable de una carne asada entre amigos y familia. Cada gorra que fabricamos es un testimonio de nuestra dedicaci\u00f3n, un s\u00edmbolo de identidad para quienes llevan el esp\u00edritu del rancho en el coraz\u00f3n.<\/p>\t\t\t\t\t\t\t\t<\/div>\n\t\t\t\t<\/div>\n\t\t\t\t\t<\/div>\n\t\t<\/div>\n\t\t\t\t\t<\/div>\n\t\t<\/section>\n\t\t\t\t<section class=\"elementor-section elementor-top-section elementor-element elementor-element-2ed03cb elementor-section-height-full elementor-section-boxed elementor-section-height-default elementor-section-items-middle\" data-id=\"2ed03cb\" data-element_type=\"section\" data-e-type=\"section\" data-settings=\"{&quot;background_background&quot;:&quot;classic&quot;}\">\n\t\t\t\t\t\t<div class=\"elementor-container elementor-column-gap-default\">\n\t\t\t\t\t<div class=\"elementor-column elementor-col-50 elementor-top-column elementor-element elementor-element-e82658d\" data-id=\"e82658d\" data-element_type=\"column\" data-e-type=\"column\">\n\t\t\t<div class=\"elementor-widget-wrap elementor-element-populated\">\n\t\t\t\t\t\t<div class=\"elementor-element elementor-element-a7d7ebe elementor-widget elementor-widget-heading\" data-id=\"a7d7ebe\" data-element_type=\"widget\" data-e-type=\"widget\" data-widget_type=\"heading.default\">\n\t\t\t\t<div class=\"elementor-widget-container\">\n\t\t\t\t\t<h1 class=\"elementor-heading-title elementor-size-default\">RANCH &amp; CORRAL<\/h1>\t\t\t\t<\/div>\n\t\t\t\t<\/div>\n\t\t\t\t<div class=\"elementor-element elementor-element-fec5e63 elementor-absolute elementor-hidden-tablet elementor-widget elementor-widget-image\" data-id=\"fec5e63\" data-element_type=\"widget\" data-e-type=\"widget\" data-settings=\"{&quot;_position&quot;:&quot;absolute&quot;}\" data-widget_type=\"image.default\">\n\t\t\t\t<div class=\"elementor-widget-container\">\n\t\t\t\t\t\t\t\t\t\t\t\t\t\t\t<img fetchpriority=\"high\" decoding=\"async\" width=\"640\" height=\"640\" src=\"https:\/\/ranchandcorral.com\/wp-content\/uploads\/2025\/02\/Sello-min-1024x1024.png\" class=\"attachment-large size-large wp-image-35011\" alt=\"\" srcset=\"https:\/\/ranchandcorral.com\/wp-content\/uploads\/2025\/02\/Sello-min-1024x1024.png 1024w, https:\/\/ranchandcorral.com\/wp-content\/uploads\/2025\/02\/Sello-min-300x300.png 300w, https:\/\/ranchandcorral.com\/wp-content\/uploads\/2025\/02\/Sello-min-150x150.png 150w, https:\/\/ranchandcorral.com\/wp-content\/uploads\/2025\/02\/Sello-min-768x768.png 768w, https:\/\/ranchandcorral.com\/wp-content\/uploads\/2025\/02\/Sello-min-600x600.png 600w, https:\/\/ranchandcorral.com\/wp-content\/uploads\/2025\/02\/Sello-min-100x100.png 100w, https:\/\/ranchandcorral.com\/wp-content\/uploads\/2025\/02\/Sello-min-50x50.png 50w, https:\/\/ranchandcorral.com\/wp-content\/uploads\/2025\/02\/Sello-min.png 1080w\" sizes=\"(max-width: 640px) 100vw, 640px\" data-mwl-img-id=\"35011\" \/>\t\t\t\t\t\t\t\t\t\t\t\t\t\t\t<\/div>\n\t\t\t\t<\/div>\n\t\t\t\t<div class=\"elementor-element elementor-element-06c8f63 elementor-widget elementor-widget-text-editor\" data-id=\"06c8f63\" data-element_type=\"widget\" data-e-type=\"widget\" data-widget_type=\"text-editor.default\">\n\t\t\t\t<div class=\"elementor-widget-container\">\n\t\t\t\t\t\t\t\t\t<p>Gracias a la aceptaci\u00f3n del p\u00fablico, Ranch &amp; Corral ha llegado a las<br \/>tiendas vaqueras m\u00e1s prestigiosas de M\u00e9xico, extendiendo su presencia<br \/>a Estados Unidos y Centroam\u00e9rica. Este crecimiento nos impulsa a<br \/>innovar constantemente, asegurando que cada una de nuestras<br \/>colecciones mantenga los m\u00e1s altos est\u00e1ndares de calidad en dise\u00f1o,<br \/>decorado y materiales.<\/p>\t\t\t\t\t\t\t\t<\/div>\n\t\t\t\t<\/div>\n\t\t\t\t\t<\/div>\n\t\t<\/div>\n\t\t\t\t<div class=\"elementor-column elementor-col-50 elementor-top-column elementor-element elementor-element-9fde4e7\" data-id=\"9fde4e7\" data-element_type=\"column\" data-e-type=\"column\" data-settings=\"{&quot;background_slideshow_gallery&quot;:[{&quot;id&quot;:21495,&quot;url&quot;:&quot;https:\\\/\\\/ranchandcorral.com\\\/wp-content\\\/uploads\\\/2024\\\/08\\\/Lifestyle-RC3-min.jpg&quot;},{&quot;id&quot;:21483,&quot;url&quot;:&quot;https:\\\/\\\/ranchandcorral.com\\\/wp-content\\\/uploads\\\/2024\\\/08\\\/2.0-Ranch-And-Corral-Tapalpa-05-min.jpg&quot;},{&quot;id&quot;:21482,&quot;url&quot;:&quot;https:\\\/\\\/ranchandcorral.com\\\/wp-content\\\/uploads\\\/2024\\\/08\\\/1.0-Ranch-And-Corral-Tapalpa-020-min.jpg&quot;},{&quot;id&quot;:21500,&quot;url&quot;:&quot;https:\\\/\\\/ranchandcorral.com\\\/wp-content\\\/uploads\\\/2024\\\/08\\\/Ranch-and-Corral-ll-SMA-Fotos-294-min.jpg&quot;},{&quot;id&quot;:34824,&quot;url&quot;:&quot;https:\\\/\\\/ranchandcorral.com\\\/wp-content\\\/uploads\\\/2025\\\/02\\\/Ranch-And-Corral-Life-435-min.jpg&quot;},{&quot;id&quot;:34825,&quot;url&quot;:&quot;https:\\\/\\\/ranchandcorral.com\\\/wp-content\\\/uploads\\\/2025\\\/02\\\/Ranch-And-Corral-Life-521-min.jpg&quot;},{&quot;id&quot;:34826,&quot;url&quot;:&quot;https:\\\/\\\/ranchandcorral.com\\\/wp-content\\\/uploads\\\/2025\\\/02\\\/Ranch-And-Corral-Life-539-min.jpg&quot;},{&quot;id&quot;:34827,&quot;url&quot;:&quot;https:\\\/\\\/ranchandcorral.com\\\/wp-content\\\/uploads\\\/2025\\\/02\\\/Ranch-And-Corral-Life-569-min.jpg&quot;}],&quot;background_background&quot;:&quot;slideshow&quot;,&quot;background_slideshow_loop&quot;:&quot;yes&quot;,&quot;background_slideshow_slide_duration&quot;:5000,&quot;background_slideshow_slide_transition&quot;:&quot;fade&quot;,&quot;background_slideshow_transition_duration&quot;:500}\">\n\t\t\t<div class=\"elementor-widget-wrap elementor-element-populated\">\n\t\t\t\t\t\t<div class=\"elementor-element elementor-element-8f50562 elementor-widget elementor-widget-spacer\" data-id=\"8f50562\" data-element_type=\"widget\" data-e-type=\"widget\" data-widget_type=\"spacer.default\">\n\t\t\t\t<div class=\"elementor-widget-container\">\n\t\t\t\t\t\t\t<div class=\"elementor-spacer\">\n\t\t\t<div class=\"elementor-spacer-inner\"><\/div>\n\t\t<\/div>\n\t\t\t\t\t\t<\/div>\n\t\t\t\t<\/div>\n\t\t\t\t\t<\/div>\n\t\t<\/div>\n\t\t\t\t\t<\/div>\n\t\t<\/section>\n\t\t\t\t<section class=\"elementor-section elementor-top-section elementor-element elementor-element-bf92820 elementor-section-height-full elementor-reverse-mobile elementor-section-boxed elementor-section-height-default elementor-section-items-middle\" data-id=\"bf92820\" data-element_type=\"section\" data-e-type=\"section\" data-settings=\"{&quot;background_background&quot;:&quot;classic&quot;}\">\n\t\t\t\t\t\t<div class=\"elementor-container elementor-column-gap-default\">\n\t\t\t\t\t<div class=\"elementor-column elementor-col-100 elementor-top-column elementor-element elementor-element-c038d43\" data-id=\"c038d43\" data-element_type=\"column\" data-e-type=\"column\">\n\t\t\t<div class=\"elementor-widget-wrap elementor-element-populated\">\n\t\t\t\t\t\t<section class=\"elementor-section elementor-inner-section elementor-element elementor-element-071bcc3 elementor-section-height-min-height elementor-section-boxed elementor-section-height-default\" data-id=\"071bcc3\" data-element_type=\"section\" data-e-type=\"section\">\n\t\t\t\t\t\t<div class=\"elementor-container elementor-column-gap-default\">\n\t\t\t\t\t<div class=\"elementor-column elementor-col-50 elementor-inner-column elementor-element elementor-element-a67fffa elementor-hidden-tablet elementor-hidden-mobile\" data-id=\"a67fffa\" data-element_type=\"column\" data-e-type=\"column\" data-settings=\"{&quot;background_slideshow_gallery&quot;:[{&quot;id&quot;:34837,&quot;url&quot;:&quot;https:\\\/\\\/ranchandcorral.com\\\/wp-content\\\/uploads\\\/2025\\\/02\\\/16_2-min.jpg&quot;},{&quot;id&quot;:34838,&quot;url&quot;:&quot;https:\\\/\\\/ranchandcorral.com\\\/wp-content\\\/uploads\\\/2025\\\/02\\\/16_5-min.jpg&quot;},{&quot;id&quot;:34839,&quot;url&quot;:&quot;https:\\\/\\\/ranchandcorral.com\\\/wp-content\\\/uploads\\\/2025\\\/02\\\/16_6-min.jpg&quot;},{&quot;id&quot;:34840,&quot;url&quot;:&quot;https:\\\/\\\/ranchandcorral.com\\\/wp-content\\\/uploads\\\/2025\\\/02\\\/Copia-de-IMG_5240-min.jpg&quot;},{&quot;id&quot;:34841,&quot;url&quot;:&quot;https:\\\/\\\/ranchandcorral.com\\\/wp-content\\\/uploads\\\/2025\\\/02\\\/Copia-de-IMG_5693-min.jpg&quot;},{&quot;id&quot;:34842,&quot;url&quot;:&quot;https:\\\/\\\/ranchandcorral.com\\\/wp-content\\\/uploads\\\/2025\\\/02\\\/Copia-de-IMG_5825-min.jpg&quot;},{&quot;id&quot;:34843,&quot;url&quot;:&quot;https:\\\/\\\/ranchandcorral.com\\\/wp-content\\\/uploads\\\/2025\\\/02\\\/10.1-4.jpg&quot;},{&quot;id&quot;:34844,&quot;url&quot;:&quot;https:\\\/\\\/ranchandcorral.com\\\/wp-content\\\/uploads\\\/2025\\\/02\\\/IMG_2031_0004_IMG_2052.jpg&quot;},{&quot;id&quot;:34845,&quot;url&quot;:&quot;https:\\\/\\\/ranchandcorral.com\\\/wp-content\\\/uploads\\\/2025\\\/02\\\/Maria_Expo_TiendaMesa-de-trabajo-1-copia-2_2.jpg&quot;}],&quot;background_background&quot;:&quot;slideshow&quot;,&quot;background_slideshow_loop&quot;:&quot;yes&quot;,&quot;background_slideshow_slide_duration&quot;:5000,&quot;background_slideshow_slide_transition&quot;:&quot;fade&quot;,&quot;background_slideshow_transition_duration&quot;:500}\">\n\t\t\t<div class=\"elementor-widget-wrap\">\n\t\t\t\t\t\t\t<\/div>\n\t\t<\/div>\n\t\t\t\t<div class=\"elementor-column elementor-col-50 elementor-inner-column elementor-element elementor-element-ee21467\" data-id=\"ee21467\" data-element_type=\"column\" data-e-type=\"column\">\n\t\t\t<div class=\"elementor-widget-wrap elementor-element-populated\">\n\t\t\t\t\t\t<div class=\"elementor-element elementor-element-7d0b4b8 elementor-widget elementor-widget-heading\" data-id=\"7d0b4b8\" data-element_type=\"widget\" data-e-type=\"widget\" data-widget_type=\"heading.default\">\n\t\t\t\t<div class=\"elementor-widget-container\">\n\t\t\t\t\t<h1 class=\"elementor-heading-title elementor-size-default\">RANCH &amp; CORRAL<\/h1>\t\t\t\t<\/div>\n\t\t\t\t<\/div>\n\t\t\t\t<div class=\"elementor-element elementor-element-7a0f1b5 elementor-absolute elementor-widget elementor-widget-image\" data-id=\"7a0f1b5\" data-element_type=\"widget\" data-e-type=\"widget\" data-settings=\"{&quot;_position&quot;:&quot;absolute&quot;}\" data-widget_type=\"image.default\">\n\t\t\t\t<div class=\"elementor-widget-container\">\n\t\t\t\t\t\t\t\t\t\t\t\t\t\t\t<img fetchpriority=\"high\" decoding=\"async\" width=\"640\" height=\"640\" src=\"https:\/\/ranchandcorral.com\/wp-content\/uploads\/2025\/02\/Sello-min-1024x1024.png\" class=\"attachment-large size-large wp-image-35011\" alt=\"\" srcset=\"https:\/\/ranchandcorral.com\/wp-content\/uploads\/2025\/02\/Sello-min-1024x1024.png 1024w, https:\/\/ranchandcorral.com\/wp-content\/uploads\/2025\/02\/Sello-min-300x300.png 300w, https:\/\/ranchandcorral.com\/wp-content\/uploads\/2025\/02\/Sello-min-150x150.png 150w, https:\/\/ranchandcorral.com\/wp-content\/uploads\/2025\/02\/Sello-min-768x768.png 768w, https:\/\/ranchandcorral.com\/wp-content\/uploads\/2025\/02\/Sello-min-600x600.png 600w, https:\/\/ranchandcorral.com\/wp-content\/uploads\/2025\/02\/Sello-min-100x100.png 100w, https:\/\/ranchandcorral.com\/wp-content\/uploads\/2025\/02\/Sello-min-50x50.png 50w, https:\/\/ranchandcorral.com\/wp-content\/uploads\/2025\/02\/Sello-min.png 1080w\" sizes=\"(max-width: 640px) 100vw, 640px\" data-mwl-img-id=\"35011\" \/>\t\t\t\t\t\t\t\t\t\t\t\t\t\t\t<\/div>\n\t\t\t\t<\/div>\n\t\t\t\t<div class=\"elementor-element elementor-element-993704e elementor-widget elementor-widget-text-editor\" data-id=\"993704e\" data-element_type=\"widget\" data-e-type=\"widget\" data-widget_type=\"text-editor.default\">\n\t\t\t\t<div class=\"elementor-widget-container\">\n\t\t\t\t\t\t\t\t\t<p>Hemos fortalecido nuestras colaboraciones con figuras ic\u00f3nicas como Mar\u00eda Malibr\u00e1n, David Alonso y Cuco Raya, y consolidado la distribuci\u00f3n de marcas legendarias como Yellowstone y Stetson en M\u00e9xico y Centroam\u00e9rica. Nuestro compromiso es claro: seguir formando parte de su estilo de vida, siendo ese s\u00edmbolo de autenticidad y pasi\u00f3n que los inspira a conquistar cada d\u00eda.\u00a0<\/p>\t\t\t\t\t\t\t\t<\/div>\n\t\t\t\t<\/div>\n\t\t\t\t\t<\/div>\n\t\t<\/div>\n\t\t\t\t\t<\/div>\n\t\t<\/section>\n\t\t\t\t<section class=\"elementor-section elementor-inner-section elementor-element elementor-element-57275a1 elementor-section-boxed elementor-section-height-default elementor-section-height-default\" data-id=\"57275a1\" data-element_type=\"section\" data-e-type=\"section\">\n\t\t\t\t\t\t<div class=\"elementor-container elementor-column-gap-default\">\n\t\t\t\t\t<div class=\"elementor-column elementor-col-100 elementor-inner-column elementor-element elementor-element-04abc49\" data-id=\"04abc49\" data-element_type=\"column\" data-e-type=\"column\">\n\t\t\t<div class=\"elementor-widget-wrap elementor-element-populated\">\n\t\t\t\t\t\t<div class=\"elementor-element elementor-element-42c5592d elementor-widget elementor-widget-heading\" data-id=\"42c5592d\" data-element_type=\"widget\" data-e-type=\"widget\" data-widget_type=\"heading.default\">\n\t\t\t\t<div class=\"elementor-widget-container\">\n\t\t\t\t\t<h2 class=\"elementor-heading-title elementor-size-default\">Gracias por ser parte de este viaje. <br>Juntos, construimos no solo una\nmarca, sino una herencia que trasciende generaciones.<\/h2>\t\t\t\t<\/div>\n\t\t\t\t<\/div>\n\t\t\t\t\t<\/div>\n\t\t<\/div>\n\t\t\t\t\t<\/div>\n\t\t<\/section>\n\t\t\t\t\t<\/div>\n\t\t<\/div>\n\t\t\t\t\t<\/div>\n\t\t<\/section>\n\t\t\t\t<\/div>\n\t\t","protected":false},"excerpt":{"rendered":"<p>Nosotros RANCH &amp; CORRAL Nuestra historia inicia con una pasi\u00f3n inquebrantable por los caballos y la vida del rancho. En enero del 2020, en un mundo lleno de adversidades, nuestro fundador decidi\u00f3 transformar 25 a\u00f1os de experiencia en la fabricaci\u00f3n de gorras de la mejor calidad en algo mucho m\u00e1s grande: un homenaje al estilo [&hellip;]<\/p>\n","protected":false},"author":3,"featured_media":0,"parent":0,"menu_order":0,"comment_status":"closed","ping_status":"closed","template":"elementor_header_footer","meta":{"footnotes":""},"class_list":["post-20247","page","type-page","status-publish","hentry"],"jetpack_sharing_enabled":true,"_links":{"self":[{"href":"https:\/\/ranchandcorral.com\/index.php\/wp-json\/wp\/v2\/pages\/20247","targetHints":{"allow":["GET"]}}],"collection":[{"href":"https:\/\/ranchandcorral.com\/index.php\/wp-json\/wp\/v2\/pages"}],"about":[{"href":"https:\/\/ranchandcorral.com\/index.php\/wp-json\/wp\/v2\/types\/page"}],"author":[{"embeddable":true,"href":"https:\/\/ranchandcorral.com\/index.php\/wp-json\/wp\/v2\/users\/3"}],"replies":[{"embeddable":true,"href":"https:\/\/ranchandcorral.com\/index.php\/wp-json\/wp\/v2\/comments?post=20247"}],"version-history":[{"count":55,"href":"https:\/\/ranchandcorral.com\/index.php\/wp-json\/wp\/v2\/pages\/20247\/revisions"}],"predecessor-version":[{"id":35017,"href":"https:\/\/ranchandcorral.com\/index.php\/wp-json\/wp\/v2\/pages\/20247\/revisions\/35017"}],"wp:attachment":[{"href":"https:\/\/ranchandcorral.com\/index.php\/wp-json\/wp\/v2\/media?parent=20247"}],"curies":[{"name":"wp","href":"https:\/\/api.w.org\/{rel}","templated":true}]}}